{"id":79,"date":"2025-03-13T16:59:43","date_gmt":"2025-03-13T15:59:43","guid":{"rendered":"https:\/\/lavilladespresmignons.fr\/?page_id=79"},"modified":"2025-05-05T09:30:08","modified_gmt":"2025-05-05T07:30:08","slug":"contact","status":"publish","type":"page","link":"https:\/\/lavilladespresmignons.fr\/index.php\/contact\/","title":{"rendered":"Contact"},"content":{"rendered":"\t\t<div data-elementor-type=\"wp-page\" data-elementor-id=\"79\" class=\"elementor elementor-79\">\n\t\t\t\t<div class=\"elementor-element elementor-element-2d00494 e-flex e-con-boxed e-con e-parent\" data-id=\"2d00494\" data-element_type=\"container\">\n\t\t\t\t\t<div class=\"e-con-inner\">\n\t\t\t\t<div class=\"elementor-element elementor-element-1ce8e00 elementor-widget elementor-widget-spacer\" data-id=\"1ce8e00\" data-element_type=\"widget\" data-widget_type=\"spacer.default\">\n\t\t\t\t<div class=\"elementor-widget-container\">\n\t\t\t\t\t\t\t<div class=\"elementor-spacer\">\n\t\t\t<div class=\"elementor-spacer-inner\"><\/div>\n\t\t<\/div>\n\t\t\t\t\t\t<\/div>\n\t\t\t\t<\/div>\n\t\t\t\t<div class=\"elementor-element elementor-element-7306af1 elementor-widget elementor-widget-heading\" data-id=\"7306af1\" data-element_type=\"widget\" data-widget_type=\"heading.default\">\n\t\t\t\t<div class=\"elementor-widget-container\">\n\t\t\t\t\t<h1 class=\"elementor-heading-title elementor-size-default\">Contact<\/h1>\t\t\t\t<\/div>\n\t\t\t\t<\/div>\n\t\t\t\t<div class=\"elementor-element elementor-element-60b5a4f elementor-widget elementor-widget-heading\" data-id=\"60b5a4f\" data-element_type=\"widget\" data-widget_type=\"heading.default\">\n\t\t\t\t<div class=\"elementor-widget-container\">\n\t\t\t\t\t<h2 class=\"elementor-heading-title elementor-size-default\">Formulaire :<\/h2>\t\t\t\t<\/div>\n\t\t\t\t<\/div>\n\t\t\t\t<div class=\"elementor-element elementor-element-533e86e elementor-widget elementor-widget-shortcode\" data-id=\"533e86e\" data-element_type=\"widget\" data-widget_type=\"shortcode.default\">\n\t\t\t\t<div class=\"elementor-widget-container\">\n\t\t\t\t\t\t\t<div class=\"elementor-shortcode\"><div class=\"wpforms-container wpforms-container-full wpforms-render-modern\" id=\"wpforms-472\"><form id=\"wpforms-form-472\" class=\"wpforms-validate wpforms-form wpforms-ajax-form\" data-formid=\"472\" method=\"post\" enctype=\"multipart\/form-data\" action=\"\/index.php\/wp-json\/wp\/v2\/pages\/79\" data-token=\"8b05ab9a5c3b083ee0c75dd1d6f57ab9\" data-token-time=\"1777278365\"><noscript class=\"wpforms-error-noscript\">Please enable JavaScript in your browser to complete this form.<\/noscript><div class=\"wpforms-hidden\" id=\"wpforms-error-noscript\">Please enable JavaScript in your browser to complete this form.<\/div><div class=\"wpforms-field-container\"><div id=\"wpforms-472-field_1-container\" class=\"wpforms-field wpforms-field-name\" data-field-id=\"1\"><fieldset><legend class=\"wpforms-field-label\">Informations personnelles <span class=\"wpforms-required-label\" aria-hidden=\"true\">*<\/span><\/legend><div class=\"wpforms-field-row wpforms-field-medium\"><div class=\"wpforms-field-row-block wpforms-first wpforms-one-half\"><input type=\"text\" id=\"wpforms-472-field_1\" class=\"wpforms-field-name-first wpforms-field-required\" name=\"wpforms[fields][1][first]\" aria-errormessage=\"wpforms-472-field_1-error\" required><label for=\"wpforms-472-field_1\" class=\"wpforms-field-sublabel after\">First<\/label><\/div><div class=\"wpforms-field-row-block wpforms-one-half\"><input type=\"text\" id=\"wpforms-472-field_1-last\" class=\"wpforms-field-name-last wpforms-field-required\" name=\"wpforms[fields][1][last]\" aria-errormessage=\"wpforms-472-field_1-last-error\" required><label for=\"wpforms-472-field_1-last\" class=\"wpforms-field-sublabel after\">Last<\/label><\/div><\/div><\/fieldset><\/div><div id=\"wpforms-472-field_2-container\" class=\"wpforms-field wpforms-field-email\" data-field-id=\"2\"><label class=\"wpforms-field-label\" for=\"wpforms-472-field_2\">E-mail <span class=\"wpforms-required-label\" aria-hidden=\"true\">*<\/span><\/label><input type=\"email\" id=\"wpforms-472-field_2\" class=\"wpforms-field-medium wpforms-field-required\" name=\"wpforms[fields][2]\" spellcheck=\"false\" aria-errormessage=\"wpforms-472-field_2-error\" required><\/div><div id=\"wpforms-472-field_8-container\" class=\"wpforms-field wpforms-field-text\" data-field-id=\"8\"><label class=\"wpforms-field-label\" for=\"wpforms-472-field_8\">T\u00e9l\u00e9phone<\/label><input type=\"text\" id=\"wpforms-472-field_8\" class=\"wpforms-field-medium\" name=\"wpforms[fields][8]\" aria-errormessage=\"wpforms-472-field_8-error\" ><\/div><div id=\"wpforms-472-field_6-container\" class=\"wpforms-field wpforms-field-select wpforms-field-select-style-classic\" data-field-id=\"6\"><label class=\"wpforms-field-label\" for=\"wpforms-472-field_6\">Votre message concerne :<\/label><select id=\"wpforms-472-field_6\" class=\"wpforms-field-medium\" name=\"wpforms[fields][6]\"><option value=\"Inscription de Membres\" >Inscription de Membres<\/option><option value=\"Demande de B\u00e9n\u00e9volat\" >Demande de B\u00e9n\u00e9volat<\/option><option value=\"\u00c9v\u00e9nements et Activit\u00e9s\" >\u00c9v\u00e9nements et Activit\u00e9s<\/option><option value=\"Sondage de Satisfaction\" >Sondage de Satisfaction<\/option><option value=\"Dons et Contributions\" >Dons et Contributions<\/option><option value=\"Propositions de Projets\" >Propositions de Projets<\/option><option value=\"Demande de Partenariat\" >Demande de Partenariat<\/option><\/select><div id=\"wpforms-472-field_6-description\" class=\"wpforms-field-description\">Sujet de votre message<\/div><\/div><div id=\"wpforms-472-field_3-container\" class=\"wpforms-field wpforms-field-textarea\" data-field-id=\"3\"><label class=\"wpforms-field-label\" for=\"wpforms-472-field_3\">Commentaire ou message<\/label><textarea id=\"wpforms-472-field_3\" class=\"wpforms-field-medium\" name=\"wpforms[fields][3]\" aria-errormessage=\"wpforms-472-field_3-error\" ><\/textarea><\/div><div id=\"wpforms-472-field_7-container\" class=\"wpforms-field wpforms-field-checkbox\" data-field-id=\"7\"><fieldset><legend class=\"wpforms-field-label\"><\/legend><ul id=\"wpforms-472-field_7\"><li class=\"choice-1 depth-1\"><input type=\"checkbox\" id=\"wpforms-472-field_7_1\" name=\"wpforms[fields][7][]\" value=\"J&#039;accepte les conditions d&#039;utilisation de mes donn\u00e9es personnelles\" aria-errormessage=\"wpforms-472-field_7_1-error\"  ><label class=\"wpforms-field-label-inline\" for=\"wpforms-472-field_7_1\">J'accepte les conditions d'utilisation de mes donn\u00e9es personnelles<\/label><\/li><\/ul><\/fieldset><\/div><\/div><!-- .wpforms-field-container --><div class=\"wpforms-submit-container\" ><input type=\"hidden\" name=\"wpforms[id]\" value=\"472\"><input type=\"hidden\" name=\"page_title\" value=\"\"><input type=\"hidden\" name=\"page_url\" value=\"https:\/\/lavilladespresmignons.fr\/index.php\/wp-json\/wp\/v2\/pages\/79\"><input type=\"hidden\" name=\"url_referer\" value=\"\"><button type=\"submit\" name=\"wpforms[submit]\" id=\"wpforms-submit-472\" class=\"wpforms-submit\" data-alt-text=\"Envoi...\" data-submit-text=\"Envoyer\" aria-live=\"assertive\" value=\"wpforms-submit\">Envoyer<\/button><img decoding=\"async\" src=\"https:\/\/lavilladespresmignons.fr\/wp-content\/plugins\/wpforms-lite\/assets\/images\/submit-spin.svg\" class=\"wpforms-submit-spinner\" style=\"display: none;\" width=\"26\" height=\"26\" alt=\"Loading\"><\/div><\/form><\/div>  <!-- .wpforms-container --><\/div>\n\t\t\t\t\t\t<\/div>\n\t\t\t\t<\/div>\n\t\t\t\t\t<\/div>\n\t\t\t\t<\/div>\n\t\t<div class=\"elementor-element elementor-element-70bbd16 e-flex e-con-boxed e-con e-parent\" data-id=\"70bbd16\" data-element_type=\"container\">\n\t\t\t\t\t<div class=\"e-con-inner\">\n\t\t<div class=\"elementor-element elementor-element-d93c867 e-con-full e-flex e-con e-child\" data-id=\"d93c867\" data-element_type=\"container\">\n\t\t\t\t<div class=\"elementor-element elementor-element-e78d79b elementor-widget elementor-widget-text-editor\" data-id=\"e78d79b\" data-element_type=\"widget\" data-widget_type=\"text-editor.default\">\n\t\t\t\t<div class=\"elementor-widget-container\">\n\t\t\t\t\t\t\t\t\t<h2>Venez-nous trouver !<\/h2><p>La Villa des Pr\u00e9s Mignons<\/p><p><span style=\"font-weight: 400;\">121 rue Blaise Pascal<\/span><\/p><p><span style=\"font-weight: 400;\"> 86 000 Poitiers<\/span><\/p><h2>O\u00f9 nous joindre\u00a0<\/h2><p>lavilladespresmignons@gmail.com<\/p><p>06 66 63 86 81<\/p>\t\t\t\t\t\t\t\t<\/div>\n\t\t\t\t<\/div>\n\t\t\t\t<\/div>\n\t\t<div class=\"elementor-element elementor-element-b7796a2 e-con-full e-flex e-con e-child\" data-id=\"b7796a2\" data-element_type=\"container\">\n\t\t\t\t<div class=\"elementor-element elementor-element-1ff4e6f elementor-widget elementor-widget-google_maps\" data-id=\"1ff4e6f\" data-element_type=\"widget\" data-widget_type=\"google_maps.default\">\n\t\t\t\t<div class=\"elementor-widget-container\">\n\t\t\t\t\t\t\t<div class=\"elementor-custom-embed\">\n\t\t\t<iframe loading=\"lazy\"\n\t\t\t\t\tsrc=\"https:\/\/maps.google.com\/maps?q=121%20rue%20Blaise%20Pascal%20Poitiers&#038;t=m&#038;z=13&#038;output=embed&#038;iwloc=near\"\n\t\t\t\t\ttitle=\"121 rue Blaise Pascal Poitiers\"\n\t\t\t\t\taria-label=\"121 rue Blaise Pascal Poitiers\"\n\t\t\t><\/iframe>\n\t\t<\/div>\n\t\t\t\t\t\t<\/div>\n\t\t\t\t<\/div>\n\t\t\t\t<\/div>\n\t\t\t\t\t<\/div>\n\t\t\t\t<\/div>\n\t\t\t\t<\/div>\n\t\t","protected":false},"excerpt":{"rendered":"<p>Contact Formulaire : Venez-nous trouver ! La Villa des Pr\u00e9s Mignons 121 rue Blaise Pascal 86 000 Poitiers O\u00f9 nous [&hellip;]<\/p>\n","protected":false},"author":3,"featured_media":0,"parent":0,"menu_order":0,"comment_status":"closed","ping_status":"closed","template":"","meta":{"site-sidebar-layout":"default","site-content-layout":"","ast-site-content-layout":"","site-content-style":"default","site-sidebar-style":"default","ast-global-header-display":"","ast-banner-title-visibility":"","ast-main-header-display":"","ast-hfb-above-header-display":"","ast-hfb-below-header-display":"","ast-hfb-mobile-header-display":"","site-post-title":"","ast-breadcrumbs-content":"","ast-featured-img":"","footer-sml-layout":"","theme-transparent-header-meta":"","adv-header-id-meta":"","stick-header-meta":"","header-above-stick-meta":"","header-main-stick-meta":"","header-below-stick-meta":"","astra-migrate-meta-layouts":"default","ast-page-background-enabled":"default","ast-page-background-meta":{"desktop":{"background-color":"var(--ast-global-color-5)","background-image":"","background-repeat":"repeat","background-position":"center center","background-size":"auto","background-attachment":"scroll","background-type":"","background-media":"","overlay-type":"","overlay-color":"","overlay-opacity":"","overlay-gradient":""},"tablet":{"background-color":"","background-image":"","background-repeat":"repeat","background-position":"center center","background-size":"auto","background-attachment":"scroll","background-type":"","background-media":"","overlay-type":"","overlay-color":"","overlay-opacity":"","overlay-gradient":""},"mobile":{"background-color":"","background-image":"","background-repeat":"repeat","background-position":"center center","background-size":"auto","background-attachment":"scroll","background-type":"","background-media":"","overlay-type":"","overlay-color":"","overlay-opacity":"","overlay-gradient":""}},"ast-content-background-meta":{"desktop":{"background-color":"var(--ast-global-color-4)","background-image":"","background-repeat":"repeat","background-position":"center center","background-size":"auto","background-attachment":"scroll","background-type":"","background-media":"","overlay-type":"","overlay-color":"","overlay-opacity":"","overlay-gradient":""},"tablet":{"background-color":"var(--ast-global-color-4)","background-image":"","background-repeat":"repeat","background-position":"center center","background-size":"auto","background-attachment":"scroll","background-type":"","background-media":"","overlay-type":"","overlay-color":"","overlay-opacity":"","overlay-gradient":""},"mobile":{"background-color":"var(--ast-global-color-4)","background-image":"","background-repeat":"repeat","background-position":"center center","background-size":"auto","background-attachment":"scroll","background-type":"","background-media":"","overlay-type":"","overlay-color":"","overlay-opacity":"","overlay-gradient":""}},"footnotes":""},"class_list":["post-79","page","type-page","status-publish","hentry"],"yoast_head":"<!-- This site is optimized with the Yoast SEO plugin v27.4 - https:\/\/yoast.com\/product\/yoast-seo-wordpress\/ -->\n<title>Contact - La Villa des Pr\u00e9s Mignons<\/title>\n<meta name=\"description\" content=\"Besoin d&#039;informations sur la Villa des Pr\u00e9s Mignons ? Utilisez notre formulaire de contact pour nous joindre facilement.\" \/>\n<meta name=\"robots\" content=\"index, follow, max-snippet:-1, max-image-preview:large, max-video-preview:-1\" \/>\n<link rel=\"canonical\" href=\"https:\/\/lavilladespresmignons.fr\/index.php\/contact\/\" \/>\n<meta property=\"og:locale\" content=\"en_US\" \/>\n<meta property=\"og:type\" content=\"article\" \/>\n<meta property=\"og:title\" content=\"Contact - La Villa des Pr\u00e9s Mignons\" \/>\n<meta property=\"og:description\" content=\"Besoin d&#039;informations sur la Villa des Pr\u00e9s Mignons ? Utilisez notre formulaire de contact pour nous joindre facilement.\" \/>\n<meta property=\"og:url\" content=\"https:\/\/lavilladespresmignons.fr\/index.php\/contact\/\" \/>\n<meta property=\"og:site_name\" content=\"La Villa des Pr\u00e9s Mignons\" \/>\n<meta property=\"article:publisher\" content=\"https:\/\/www.facebook.com\/villapresmignons\/\" \/>\n<meta property=\"article:modified_time\" content=\"2025-05-05T07:30:08+00:00\" \/>\n<meta name=\"twitter:card\" content=\"summary_large_image\" \/>\n<meta name=\"twitter:label1\" content=\"Est. reading time\" \/>\n\t<meta name=\"twitter:data1\" content=\"1 minute\" \/>\n<script type=\"application\/ld+json\" class=\"yoast-schema-graph\">{\"@context\":\"https:\\\/\\\/schema.org\",\"@graph\":[{\"@type\":\"WebPage\",\"@id\":\"https:\\\/\\\/lavilladespresmignons.fr\\\/index.php\\\/contact\\\/\",\"url\":\"https:\\\/\\\/lavilladespresmignons.fr\\\/index.php\\\/contact\\\/\",\"name\":\"Contact - La Villa des Pr\u00e9s Mignons\",\"isPartOf\":{\"@id\":\"https:\\\/\\\/lavilladespresmignons.fr\\\/#website\"},\"datePublished\":\"2025-03-13T15:59:43+00:00\",\"dateModified\":\"2025-05-05T07:30:08+00:00\",\"description\":\"Besoin d'informations sur la Villa des Pr\u00e9s Mignons ? Utilisez notre formulaire de contact pour nous joindre facilement.\",\"breadcrumb\":{\"@id\":\"https:\\\/\\\/lavilladespresmignons.fr\\\/index.php\\\/contact\\\/#breadcrumb\"},\"inLanguage\":\"en-US\",\"potentialAction\":[{\"@type\":\"ReadAction\",\"target\":[\"https:\\\/\\\/lavilladespresmignons.fr\\\/index.php\\\/contact\\\/\"]}]},{\"@type\":\"BreadcrumbList\",\"@id\":\"https:\\\/\\\/lavilladespresmignons.fr\\\/index.php\\\/contact\\\/#breadcrumb\",\"itemListElement\":[{\"@type\":\"ListItem\",\"position\":1,\"name\":\"Accueil\",\"item\":\"https:\\\/\\\/lavilladespresmignons.fr\\\/\"},{\"@type\":\"ListItem\",\"position\":2,\"name\":\"Contact\"}]},{\"@type\":\"WebSite\",\"@id\":\"https:\\\/\\\/lavilladespresmignons.fr\\\/#website\",\"url\":\"https:\\\/\\\/lavilladespresmignons.fr\\\/\",\"name\":\"La Villa des Pr\u00e9s Mignons\",\"description\":\"tout le monde s&#039;y retrouve\",\"publisher\":{\"@id\":\"https:\\\/\\\/lavilladespresmignons.fr\\\/#organization\"},\"potentialAction\":[{\"@type\":\"SearchAction\",\"target\":{\"@type\":\"EntryPoint\",\"urlTemplate\":\"https:\\\/\\\/lavilladespresmignons.fr\\\/?s={search_term_string}\"},\"query-input\":{\"@type\":\"PropertyValueSpecification\",\"valueRequired\":true,\"valueName\":\"search_term_string\"}}],\"inLanguage\":\"en-US\"},{\"@type\":\"Organization\",\"@id\":\"https:\\\/\\\/lavilladespresmignons.fr\\\/#organization\",\"name\":\"La Villa des Pr\u00e9s Mignons\",\"url\":\"https:\\\/\\\/lavilladespresmignons.fr\\\/\",\"logo\":{\"@type\":\"ImageObject\",\"inLanguage\":\"en-US\",\"@id\":\"https:\\\/\\\/lavilladespresmignons.fr\\\/#\\\/schema\\\/logo\\\/image\\\/\",\"url\":\"https:\\\/\\\/lavilladespresmignons.fr\\\/wp-content\\\/uploads\\\/2025\\\/03\\\/cropped-cropped-LOGO_SANS_TEXTE.webp\",\"contentUrl\":\"https:\\\/\\\/lavilladespresmignons.fr\\\/wp-content\\\/uploads\\\/2025\\\/03\\\/cropped-cropped-LOGO_SANS_TEXTE.webp\",\"width\":511,\"height\":486,\"caption\":\"La Villa des Pr\u00e9s Mignons\"},\"image\":{\"@id\":\"https:\\\/\\\/lavilladespresmignons.fr\\\/#\\\/schema\\\/logo\\\/image\\\/\"},\"sameAs\":[\"https:\\\/\\\/www.facebook.com\\\/villapresmignons\\\/\",\"https:\\\/\\\/www.instagram.com\\\/la_villa_des_pres_mignons\\\/\"]}]}<\/script>\n<!-- \/ Yoast SEO plugin. -->","yoast_head_json":{"title":"Contact - La Villa des Pr\u00e9s Mignons","description":"Besoin d'informations sur la Villa des Pr\u00e9s Mignons ? Utilisez notre formulaire de contact pour nous joindre facilement.","robots":{"index":"index","follow":"follow","max-snippet":"max-snippet:-1","max-image-preview":"max-image-preview:large","max-video-preview":"max-video-preview:-1"},"canonical":"https:\/\/lavilladespresmignons.fr\/index.php\/contact\/","og_locale":"en_US","og_type":"article","og_title":"Contact - La Villa des Pr\u00e9s Mignons","og_description":"Besoin d'informations sur la Villa des Pr\u00e9s Mignons ? Utilisez notre formulaire de contact pour nous joindre facilement.","og_url":"https:\/\/lavilladespresmignons.fr\/index.php\/contact\/","og_site_name":"La Villa des Pr\u00e9s Mignons","article_publisher":"https:\/\/www.facebook.com\/villapresmignons\/","article_modified_time":"2025-05-05T07:30:08+00:00","twitter_card":"summary_large_image","twitter_misc":{"Est. reading time":"1 minute"},"schema":{"@context":"https:\/\/schema.org","@graph":[{"@type":"WebPage","@id":"https:\/\/lavilladespresmignons.fr\/index.php\/contact\/","url":"https:\/\/lavilladespresmignons.fr\/index.php\/contact\/","name":"Contact - La Villa des Pr\u00e9s Mignons","isPartOf":{"@id":"https:\/\/lavilladespresmignons.fr\/#website"},"datePublished":"2025-03-13T15:59:43+00:00","dateModified":"2025-05-05T07:30:08+00:00","description":"Besoin d'informations sur la Villa des Pr\u00e9s Mignons ? Utilisez notre formulaire de contact pour nous joindre facilement.","breadcrumb":{"@id":"https:\/\/lavilladespresmignons.fr\/index.php\/contact\/#breadcrumb"},"inLanguage":"en-US","potentialAction":[{"@type":"ReadAction","target":["https:\/\/lavilladespresmignons.fr\/index.php\/contact\/"]}]},{"@type":"BreadcrumbList","@id":"https:\/\/lavilladespresmignons.fr\/index.php\/contact\/#breadcrumb","itemListElement":[{"@type":"ListItem","position":1,"name":"Accueil","item":"https:\/\/lavilladespresmignons.fr\/"},{"@type":"ListItem","position":2,"name":"Contact"}]},{"@type":"WebSite","@id":"https:\/\/lavilladespresmignons.fr\/#website","url":"https:\/\/lavilladespresmignons.fr\/","name":"La Villa des Pr\u00e9s Mignons","description":"tout le monde s&#039;y retrouve","publisher":{"@id":"https:\/\/lavilladespresmignons.fr\/#organization"},"potentialAction":[{"@type":"SearchAction","target":{"@type":"EntryPoint","urlTemplate":"https:\/\/lavilladespresmignons.fr\/?s={search_term_string}"},"query-input":{"@type":"PropertyValueSpecification","valueRequired":true,"valueName":"search_term_string"}}],"inLanguage":"en-US"},{"@type":"Organization","@id":"https:\/\/lavilladespresmignons.fr\/#organization","name":"La Villa des Pr\u00e9s Mignons","url":"https:\/\/lavilladespresmignons.fr\/","logo":{"@type":"ImageObject","inLanguage":"en-US","@id":"https:\/\/lavilladespresmignons.fr\/#\/schema\/logo\/image\/","url":"https:\/\/lavilladespresmignons.fr\/wp-content\/uploads\/2025\/03\/cropped-cropped-LOGO_SANS_TEXTE.webp","contentUrl":"https:\/\/lavilladespresmignons.fr\/wp-content\/uploads\/2025\/03\/cropped-cropped-LOGO_SANS_TEXTE.webp","width":511,"height":486,"caption":"La Villa des Pr\u00e9s Mignons"},"image":{"@id":"https:\/\/lavilladespresmignons.fr\/#\/schema\/logo\/image\/"},"sameAs":["https:\/\/www.facebook.com\/villapresmignons\/","https:\/\/www.instagram.com\/la_villa_des_pres_mignons\/"]}]}},"jetpack_sharing_enabled":true,"_links":{"self":[{"href":"https:\/\/lavilladespresmignons.fr\/index.php\/wp-json\/wp\/v2\/pages\/79","targetHints":{"allow":["GET"]}}],"collection":[{"href":"https:\/\/lavilladespresmignons.fr\/index.php\/wp-json\/wp\/v2\/pages"}],"about":[{"href":"https:\/\/lavilladespresmignons.fr\/index.php\/wp-json\/wp\/v2\/types\/page"}],"author":[{"embeddable":true,"href":"https:\/\/lavilladespresmignons.fr\/index.php\/wp-json\/wp\/v2\/users\/3"}],"replies":[{"embeddable":true,"href":"https:\/\/lavilladespresmignons.fr\/index.php\/wp-json\/wp\/v2\/comments?post=79"}],"version-history":[{"count":26,"href":"https:\/\/lavilladespresmignons.fr\/index.php\/wp-json\/wp\/v2\/pages\/79\/revisions"}],"predecessor-version":[{"id":1297,"href":"https:\/\/lavilladespresmignons.fr\/index.php\/wp-json\/wp\/v2\/pages\/79\/revisions\/1297"}],"wp:attachment":[{"href":"https:\/\/lavilladespresmignons.fr\/index.php\/wp-json\/wp\/v2\/media?parent=79"}],"curies":[{"name":"wp","href":"https:\/\/api.w.org\/{rel}","templated":true}]}}